{"id":244,"date":"2023-05-23T14:01:50","date_gmt":"2023-05-23T12:01:50","guid":{"rendered":"https:\/\/forrellatconsultors.cat\/?page_id=244"},"modified":"2024-05-07T11:32:01","modified_gmt":"2024-05-07T09:32:01","slug":"blog-forrellat-consultors-novedades","status":"publish","type":"page","link":"https:\/\/forrellatconsultors.cat\/es\/blog-forrellat-consultors-novedades\/","title":{"rendered":"Blog Forrellat Consultors"},"content":{"rendered":"","protected":false},"excerpt":{"rendered":"","protected":false},"author":1,"featured_media":430,"parent":0,"menu_order":0,"comment_status":"closed","ping_status":"closed","template":"","meta":{"_acf_changed":false,"footnotes":""},"class_list":["post-244","page","type-page","status-publish","has-post-thumbnail","hentry"],"acf":[],"yoast_head":"<!-- This site is optimized with the Yoast SEO plugin v24.9 - https:\/\/yoast.com\/wordpress\/plugins\/seo\/ -->\n<title>Blog Forrellat Consultors - Inf\u00f3rmate sobre las novedades<\/title>\n<meta name=\"description\" content=\"Blog Forrellat Consultors- Inf\u00f3rmate sobre las novedades de protecci\u00f3n de datos. Robo de datos. Ciberestafas. Estafas whatsapp.\" \/>\n<meta name=\"robots\" content=\"index, follow, max-snippet:-1, max-image-preview:large, max-video-preview:-1\" \/>\n<link rel=\"canonical\" href=\"https:\/\/forrellatconsultors.cat\/es\/blog-forrellat-consultors-novedades\/\" \/>\n<meta property=\"og:locale\" content=\"es_ES\" \/>\n<meta property=\"og:type\" content=\"article\" \/>\n<meta property=\"og:title\" content=\"Blog Forrellat Consultors- Inf\u00f3rmate sobre las novedades\" \/>\n<meta property=\"og:description\" content=\"Blog Forrellat Consultors- Inf\u00f3rmate sobre las novedades de protecci\u00f3n de datos. Robo de datos. Ciberestafas. Estafas whatsapp.\" \/>\n<meta property=\"og:url\" content=\"https:\/\/forrellatconsultors.cat\/es\/blog-forrellat-consultors-novedades\/\" \/>\n<meta property=\"og:site_name\" content=\"Forrellat Consultors\" \/>\n<meta property=\"article:publisher\" content=\"https:\/\/www.facebook.com\/forrellatconsultors.cat\" \/>\n<meta property=\"article:modified_time\" content=\"2024-05-07T09:32:01+00:00\" \/>\n<meta property=\"og:image\" content=\"https:\/\/forrellatconsultors.cat\/wp-content\/uploads\/2024\/04\/ciberestafa-missatge-real.webp\" \/>\n\t<meta property=\"og:image:width\" content=\"1080\" \/>\n\t<meta property=\"og:image:height\" content=\"720\" \/>\n\t<meta property=\"og:image:type\" content=\"image\/webp\" \/>\n<meta name=\"twitter:card\" content=\"summary_large_image\" \/>\n<meta name=\"twitter:title\" content=\"Blog Forrellat Consultors- Inf\u00f3rmate sobre las novedades\" \/>\n<meta name=\"twitter:description\" content=\"Blog Forrellat Consultors- Inf\u00f3rmate sobre las novedades de protecci\u00f3n de datos. Robo de datos. Ciberestafas. Estafas whatsapp.\" \/>\n<meta name=\"twitter:image\" content=\"https:\/\/forrellatconsultors.cat\/wp-content\/uploads\/2024\/04\/ciberestafa-missatge-real.webp\" \/>\n<meta name=\"twitter:label1\" content=\"Tiempo de lectura\" \/>\n\t<meta name=\"twitter:data1\" content=\"2 minutos\" \/>\n<script type=\"application\/ld+json\" class=\"yoast-schema-graph\">{\"@context\":\"https:\/\/schema.org\",\"@graph\":[{\"@type\":\"WebPage\",\"@id\":\"https:\/\/forrellatconsultors.cat\/es\/blog-forrellat-consultors-novedades\/\",\"url\":\"https:\/\/forrellatconsultors.cat\/es\/blog-forrellat-consultors-novedades\/\",\"name\":\"Blog Forrellat Consultors - Inf\u00f3rmate sobre las novedades\",\"isPartOf\":{\"@id\":\"https:\/\/forrellatconsultors.cat\/#website\"},\"primaryImageOfPage\":{\"@id\":\"https:\/\/forrellatconsultors.cat\/es\/blog-forrellat-consultors-novedades\/#primaryimage\"},\"image\":{\"@id\":\"https:\/\/forrellatconsultors.cat\/es\/blog-forrellat-consultors-novedades\/#primaryimage\"},\"thumbnailUrl\":\"https:\/\/forrellatconsultors.cat\/wp-content\/uploads\/2024\/04\/ciberestafa-missatge-real.webp\",\"datePublished\":\"2023-05-23T12:01:50+00:00\",\"dateModified\":\"2024-05-07T09:32:01+00:00\",\"description\":\"Blog Forrellat Consultors- Inf\u00f3rmate sobre las novedades de protecci\u00f3n de datos. Robo de datos. Ciberestafas. Estafas whatsapp.\",\"breadcrumb\":{\"@id\":\"https:\/\/forrellatconsultors.cat\/es\/blog-forrellat-consultors-novedades\/#breadcrumb\"},\"inLanguage\":\"es\",\"potentialAction\":[{\"@type\":\"ReadAction\",\"target\":[\"https:\/\/forrellatconsultors.cat\/es\/blog-forrellat-consultors-novedades\/\"]}]},{\"@type\":\"ImageObject\",\"inLanguage\":\"es\",\"@id\":\"https:\/\/forrellatconsultors.cat\/es\/blog-forrellat-consultors-novedades\/#primaryimage\",\"url\":\"https:\/\/forrellatconsultors.cat\/wp-content\/uploads\/2024\/04\/ciberestafa-missatge-real.webp\",\"contentUrl\":\"https:\/\/forrellatconsultors.cat\/wp-content\/uploads\/2024\/04\/ciberestafa-missatge-real.webp\",\"width\":1080,\"height\":720,\"caption\":\"Distingir una ciberestafa i un missatge real. Phishing. Smishing.\"},{\"@type\":\"BreadcrumbList\",\"@id\":\"https:\/\/forrellatconsultors.cat\/es\/blog-forrellat-consultors-novedades\/#breadcrumb\",\"itemListElement\":[{\"@type\":\"ListItem\",\"position\":1,\"name\":\"Inici\",\"item\":\"https:\/\/forrellatconsultors.cat\/es\/inicio\/\"},{\"@type\":\"ListItem\",\"position\":2,\"name\":\"Blog Forrellat Consultors\"}]},{\"@type\":\"WebSite\",\"@id\":\"https:\/\/forrellatconsultors.cat\/#website\",\"url\":\"https:\/\/forrellatconsultors.cat\/\",\"name\":\"Forrellat Consultors\",\"description\":\"Protegim les teves dades\",\"publisher\":{\"@id\":\"https:\/\/forrellatconsultors.cat\/#organization\"},\"potentialAction\":[{\"@type\":\"SearchAction\",\"target\":{\"@type\":\"EntryPoint\",\"urlTemplate\":\"https:\/\/forrellatconsultors.cat\/?s={search_term_string}\"},\"query-input\":{\"@type\":\"PropertyValueSpecification\",\"valueRequired\":true,\"valueName\":\"search_term_string\"}}],\"inLanguage\":\"es\"},{\"@type\":\"Organization\",\"@id\":\"https:\/\/forrellatconsultors.cat\/#organization\",\"name\":\"Forrellat Consultors\",\"url\":\"https:\/\/forrellatconsultors.cat\/\",\"logo\":{\"@type\":\"ImageObject\",\"inLanguage\":\"es\",\"@id\":\"https:\/\/forrellatconsultors.cat\/#\/schema\/logo\/image\/\",\"url\":\"https:\/\/forrellatconsultors.cat\/wp-content\/uploads\/2023\/06\/favicon-forrellats.png\",\"contentUrl\":\"https:\/\/forrellatconsultors.cat\/wp-content\/uploads\/2023\/06\/favicon-forrellats.png\",\"width\":128,\"height\":128,\"caption\":\"Forrellat Consultors\"},\"image\":{\"@id\":\"https:\/\/forrellatconsultors.cat\/#\/schema\/logo\/image\/\"},\"sameAs\":[\"https:\/\/www.facebook.com\/forrellatconsultors.cat\"]}]}<\/script>\n<!-- \/ Yoast SEO plugin. -->","yoast_head_json":{"title":"Blog Forrellat Consultors - Inf\u00f3rmate sobre las novedades","description":"Blog Forrellat Consultors- Inf\u00f3rmate sobre las novedades de protecci\u00f3n de datos. Robo de datos. Ciberestafas. Estafas whatsapp.","robots":{"index":"index","follow":"follow","max-snippet":"max-snippet:-1","max-image-preview":"max-image-preview:large","max-video-preview":"max-video-preview:-1"},"canonical":"https:\/\/forrellatconsultors.cat\/es\/blog-forrellat-consultors-novedades\/","og_locale":"es_ES","og_type":"article","og_title":"Blog Forrellat Consultors- Inf\u00f3rmate sobre las novedades","og_description":"Blog Forrellat Consultors- Inf\u00f3rmate sobre las novedades de protecci\u00f3n de datos. Robo de datos. Ciberestafas. Estafas whatsapp.","og_url":"https:\/\/forrellatconsultors.cat\/es\/blog-forrellat-consultors-novedades\/","og_site_name":"Forrellat Consultors","article_publisher":"https:\/\/www.facebook.com\/forrellatconsultors.cat","article_modified_time":"2024-05-07T09:32:01+00:00","og_image":[{"width":1080,"height":720,"url":"https:\/\/forrellatconsultors.cat\/wp-content\/uploads\/2024\/04\/ciberestafa-missatge-real.webp","type":"image\/webp"}],"twitter_card":"summary_large_image","twitter_title":"Blog Forrellat Consultors- Inf\u00f3rmate sobre las novedades","twitter_description":"Blog Forrellat Consultors- Inf\u00f3rmate sobre las novedades de protecci\u00f3n de datos. Robo de datos. Ciberestafas. Estafas whatsapp.","twitter_image":"https:\/\/forrellatconsultors.cat\/wp-content\/uploads\/2024\/04\/ciberestafa-missatge-real.webp","twitter_misc":{"Tiempo de lectura":"2 minutos"},"schema":{"@context":"https:\/\/schema.org","@graph":[{"@type":"WebPage","@id":"https:\/\/forrellatconsultors.cat\/es\/blog-forrellat-consultors-novedades\/","url":"https:\/\/forrellatconsultors.cat\/es\/blog-forrellat-consultors-novedades\/","name":"Blog Forrellat Consultors - Inf\u00f3rmate sobre las novedades","isPartOf":{"@id":"https:\/\/forrellatconsultors.cat\/#website"},"primaryImageOfPage":{"@id":"https:\/\/forrellatconsultors.cat\/es\/blog-forrellat-consultors-novedades\/#primaryimage"},"image":{"@id":"https:\/\/forrellatconsultors.cat\/es\/blog-forrellat-consultors-novedades\/#primaryimage"},"thumbnailUrl":"https:\/\/forrellatconsultors.cat\/wp-content\/uploads\/2024\/04\/ciberestafa-missatge-real.webp","datePublished":"2023-05-23T12:01:50+00:00","dateModified":"2024-05-07T09:32:01+00:00","description":"Blog Forrellat Consultors- Inf\u00f3rmate sobre las novedades de protecci\u00f3n de datos. Robo de datos. Ciberestafas. Estafas whatsapp.","breadcrumb":{"@id":"https:\/\/forrellatconsultors.cat\/es\/blog-forrellat-consultors-novedades\/#breadcrumb"},"inLanguage":"es","potentialAction":[{"@type":"ReadAction","target":["https:\/\/forrellatconsultors.cat\/es\/blog-forrellat-consultors-novedades\/"]}]},{"@type":"ImageObject","inLanguage":"es","@id":"https:\/\/forrellatconsultors.cat\/es\/blog-forrellat-consultors-novedades\/#primaryimage","url":"https:\/\/forrellatconsultors.cat\/wp-content\/uploads\/2024\/04\/ciberestafa-missatge-real.webp","contentUrl":"https:\/\/forrellatconsultors.cat\/wp-content\/uploads\/2024\/04\/ciberestafa-missatge-real.webp","width":1080,"height":720,"caption":"Distingir una ciberestafa i un missatge real. Phishing. Smishing."},{"@type":"BreadcrumbList","@id":"https:\/\/forrellatconsultors.cat\/es\/blog-forrellat-consultors-novedades\/#breadcrumb","itemListElement":[{"@type":"ListItem","position":1,"name":"Inici","item":"https:\/\/forrellatconsultors.cat\/es\/inicio\/"},{"@type":"ListItem","position":2,"name":"Blog Forrellat Consultors"}]},{"@type":"WebSite","@id":"https:\/\/forrellatconsultors.cat\/#website","url":"https:\/\/forrellatconsultors.cat\/","name":"Forrellat Consultors","description":"Protegim les teves dades","publisher":{"@id":"https:\/\/forrellatconsultors.cat\/#organization"},"potentialAction":[{"@type":"SearchAction","target":{"@type":"EntryPoint","urlTemplate":"https:\/\/forrellatconsultors.cat\/?s={search_term_string}"},"query-input":{"@type":"PropertyValueSpecification","valueRequired":true,"valueName":"search_term_string"}}],"inLanguage":"es"},{"@type":"Organization","@id":"https:\/\/forrellatconsultors.cat\/#organization","name":"Forrellat Consultors","url":"https:\/\/forrellatconsultors.cat\/","logo":{"@type":"ImageObject","inLanguage":"es","@id":"https:\/\/forrellatconsultors.cat\/#\/schema\/logo\/image\/","url":"https:\/\/forrellatconsultors.cat\/wp-content\/uploads\/2023\/06\/favicon-forrellats.png","contentUrl":"https:\/\/forrellatconsultors.cat\/wp-content\/uploads\/2023\/06\/favicon-forrellats.png","width":128,"height":128,"caption":"Forrellat Consultors"},"image":{"@id":"https:\/\/forrellatconsultors.cat\/#\/schema\/logo\/image\/"},"sameAs":["https:\/\/www.facebook.com\/forrellatconsultors.cat"]}]}},"_links":{"self":[{"href":"https:\/\/forrellatconsultors.cat\/es\/wp-json\/wp\/v2\/pages\/244","targetHints":{"allow":["GET"]}}],"collection":[{"href":"https:\/\/forrellatconsultors.cat\/es\/wp-json\/wp\/v2\/pages"}],"about":[{"href":"https:\/\/forrellatconsultors.cat\/es\/wp-json\/wp\/v2\/types\/page"}],"author":[{"embeddable":true,"href":"https:\/\/forrellatconsultors.cat\/es\/wp-json\/wp\/v2\/users\/1"}],"replies":[{"embeddable":true,"href":"https:\/\/forrellatconsultors.cat\/es\/wp-json\/wp\/v2\/comments?post=244"}],"version-history":[{"count":2,"href":"https:\/\/forrellatconsultors.cat\/es\/wp-json\/wp\/v2\/pages\/244\/revisions"}],"predecessor-version":[{"id":469,"href":"https:\/\/forrellatconsultors.cat\/es\/wp-json\/wp\/v2\/pages\/244\/revisions\/469"}],"wp:featuredmedia":[{"embeddable":true,"href":"https:\/\/forrellatconsultors.cat\/es\/wp-json\/wp\/v2\/media\/430"}],"wp:attachment":[{"href":"https:\/\/forrellatconsultors.cat\/es\/wp-json\/wp\/v2\/media?parent=244"}],"curies":[{"name":"wp","href":"https:\/\/api.w.org\/{rel}","templated":true}]}}